{"id":88,"date":"2025-07-08T20:08:30","date_gmt":"2025-07-08T18:08:30","guid":{"rendered":"https:\/\/www.stolun.sk\/?page_id=88"},"modified":"2025-07-08T20:08:30","modified_gmt":"2025-07-08T18:08:30","slug":"obklady","status":"publish","type":"page","link":"https:\/\/www.stolun.sk\/?page_id=88","title":{"rendered":"Obklady"},"content":{"rendered":"\n<div style=\"height:var(--wp--preset--spacing--50)\" aria-hidden=\"true\" class=\"wp-block-spacer\"><\/div>\n\n\n\n<figure class=\"wp-block-image size-large is-style-rounded is-style-rounded--1\"><img fetchpriority=\"high\" decoding=\"async\" width=\"1080\" height=\"810\" src=\"https:\/\/www.stolun.sk\/wp-content\/uploads\/2025\/04\/57-1-edited.jpg\" alt=\"\" class=\"wp-image-396\" srcset=\"https:\/\/www.stolun.sk\/wp-content\/uploads\/2025\/04\/57-1-edited.jpg 1080w, https:\/\/www.stolun.sk\/wp-content\/uploads\/2025\/04\/57-1-edited-300x225.jpg 300w, https:\/\/www.stolun.sk\/wp-content\/uploads\/2025\/04\/57-1-edited-1024x768.jpg 1024w, https:\/\/www.stolun.sk\/wp-content\/uploads\/2025\/04\/57-1-edited-768x576.jpg 768w\" sizes=\"(max-width: 1080px) 100vw, 1080px\" \/><\/figure>\n\n\n\n<div class=\"wp-block-group alignwide has-global-padding is-layout-constrained wp-block-group-is-layout-constrained\">\n<h1 class=\"wp-block-heading alignwide has-text-align-center has-xx-large-font-size\" style=\"line-height:1.2\">Drevo, ktor\u00e9 o\u017eiv\u00ed ka\u017ed\u00fd priestor.<\/h1>\n\n\n\n<p>Trendom dne\u0161n\u00fdch dizajnov\u00fdch priestorov s\u00fa lamelov\u00e9 obklady stien. Kvalitn\u00e9 obklady stien zaru\u010dia udr\u017eate\u013enos\u0165 a\u00a0odolnos\u0165 frekventovan\u00fdch stien v\u00a0estetickom duchu. Samostatn\u00fd obklad steny alebo v\u00a0kombin\u00e1ci\u00ed s\u00a0ob\u00fdvacou stenou \u010di chodbov\u00fdm n\u00e1bytkom dodr\u017e\u00ed presn\u00e9 l\u00ednie v\u00e1\u0161ho priestoru, \u010do pri s\u00e9riovej v\u00fdrobe nem\u00f4\u017eeme o\u010dak\u00e1va\u0165. Dreven\u00fd obklad stropu pozdvihne nie len zrak rezidenta vy\u0161\u0161ie ale aj n\u00e1ladu a\u00a0dod\u00e1 pr\u00edjemn\u00fd pocit.<\/p>\n<\/div>\n\n\n\n<div class=\"wp-block-group alignfull has-global-padding is-layout-constrained wp-container-core-group-is-layout-b25ccd55 wp-block-group-is-layout-constrained\" style=\"margin-top:0;margin-bottom:0;padding-top:var(--wp--preset--spacing--50);padding-right:var(--wp--preset--spacing--50);padding-bottom:var(--wp--preset--spacing--50);padding-left:var(--wp--preset--spacing--50)\">\n<div class=\"wp-block-columns alignwide is-layout-flex wp-container-core-columns-is-layout-ff4b9c61 wp-block-columns-is-layout-flex\" style=\"margin-top:0;margin-bottom:0\">\n<div class=\"wp-block-column is-layout-flow wp-container-core-column-is-layout-8a368f38 wp-block-column-is-layout-flow\">\n<figure class=\"wp-block-image size-large is-style-rounded is-style-rounded--2\"><img decoding=\"async\" width=\"768\" height=\"1024\" src=\"https:\/\/www.stolun.sk\/wp-content\/uploads\/2025\/04\/3-3-768x1024.jpg\" alt=\"\" class=\"wp-image-397\" style=\"aspect-ratio:4\/3;object-fit:cover\" srcset=\"https:\/\/www.stolun.sk\/wp-content\/uploads\/2025\/04\/3-3-768x1024.jpg 768w, https:\/\/www.stolun.sk\/wp-content\/uploads\/2025\/04\/3-3-225x300.jpg 225w, https:\/\/www.stolun.sk\/wp-content\/uploads\/2025\/04\/3-3-1152x1536.jpg 1152w, https:\/\/www.stolun.sk\/wp-content\/uploads\/2025\/04\/3-3.jpg 1536w\" sizes=\"(max-width: 768px) 100vw, 768px\" \/><\/figure>\n\n\n\n<div style=\"height:var(--wp--preset--spacing--50)\" aria-hidden=\"true\" class=\"wp-block-spacer\"><\/div>\n\n\n\n<figure class=\"wp-block-image size-large is-style-rounded is-style-rounded--3\"><img decoding=\"async\" width=\"1024\" height=\"1024\" src=\"https:\/\/www.stolun.sk\/wp-content\/uploads\/2025\/04\/45-1-1024x1024.jpg\" alt=\"\" class=\"wp-image-401\" style=\"aspect-ratio:3\/4;object-fit:cover\" srcset=\"https:\/\/www.stolun.sk\/wp-content\/uploads\/2025\/04\/45-1-1024x1024.jpg 1024w, https:\/\/www.stolun.sk\/wp-content\/uploads\/2025\/04\/45-1-300x300.jpg 300w, https:\/\/www.stolun.sk\/wp-content\/uploads\/2025\/04\/45-1-150x150.jpg 150w, https:\/\/www.stolun.sk\/wp-content\/uploads\/2025\/04\/45-1-768x768.jpg 768w, https:\/\/www.stolun.sk\/wp-content\/uploads\/2025\/04\/45-1.jpg 1080w\" sizes=\"(max-width: 1024px) 100vw, 1024px\" \/><\/figure>\n\n\n\n<div style=\"height:var(--wp--preset--spacing--50)\" aria-hidden=\"true\" class=\"wp-block-spacer\"><\/div>\n\n\n\n<figure class=\"wp-block-image size-large is-style-rounded is-style-rounded--4\"><img loading=\"lazy\" decoding=\"async\" width=\"1024\" height=\"1024\" src=\"https:\/\/www.stolun.sk\/wp-content\/uploads\/2025\/04\/85-1-1024x1024.jpg\" alt=\"\" class=\"wp-image-406\" style=\"aspect-ratio:3\/4;object-fit:cover\" srcset=\"https:\/\/www.stolun.sk\/wp-content\/uploads\/2025\/04\/85-1-1024x1024.jpg 1024w, https:\/\/www.stolun.sk\/wp-content\/uploads\/2025\/04\/85-1-300x300.jpg 300w, https:\/\/www.stolun.sk\/wp-content\/uploads\/2025\/04\/85-1-150x150.jpg 150w, https:\/\/www.stolun.sk\/wp-content\/uploads\/2025\/04\/85-1-768x768.jpg 768w, https:\/\/www.stolun.sk\/wp-content\/uploads\/2025\/04\/85-1.jpg 1080w\" sizes=\"(max-width: 1024px) 100vw, 1024px\" \/><\/figure>\n<\/div>\n\n\n\n<div class=\"wp-block-column is-layout-flow wp-container-core-column-is-layout-8a368f38 wp-block-column-is-layout-flow\">\n<div style=\"height:var(--wp--preset--spacing--50)\" aria-hidden=\"true\" class=\"wp-block-spacer\"><\/div>\n\n\n\n<figure class=\"wp-block-image size-large is-style-rounded is-style-rounded--5\"><img loading=\"lazy\" decoding=\"async\" width=\"1024\" height=\"1024\" src=\"https:\/\/www.stolun.sk\/wp-content\/uploads\/2025\/04\/23-1-1024x1024.jpg\" alt=\"\" class=\"wp-image-398\" style=\"aspect-ratio:3\/4;object-fit:cover\" srcset=\"https:\/\/www.stolun.sk\/wp-content\/uploads\/2025\/04\/23-1-1024x1024.jpg 1024w, https:\/\/www.stolun.sk\/wp-content\/uploads\/2025\/04\/23-1-300x300.jpg 300w, https:\/\/www.stolun.sk\/wp-content\/uploads\/2025\/04\/23-1-150x150.jpg 150w, https:\/\/www.stolun.sk\/wp-content\/uploads\/2025\/04\/23-1-768x768.jpg 768w, https:\/\/www.stolun.sk\/wp-content\/uploads\/2025\/04\/23-1.jpg 1080w\" sizes=\"(max-width: 1024px) 100vw, 1024px\" \/><\/figure>\n\n\n\n<div style=\"height:var(--wp--preset--spacing--50)\" aria-hidden=\"true\" class=\"wp-block-spacer\"><\/div>\n\n\n\n<figure class=\"wp-block-image size-large is-style-rounded is-style-rounded--6\"><img loading=\"lazy\" decoding=\"async\" width=\"1024\" height=\"1024\" src=\"https:\/\/www.stolun.sk\/wp-content\/uploads\/2025\/04\/46-1-1024x1024.jpg\" alt=\"\" class=\"wp-image-402\" style=\"aspect-ratio:1;object-fit:cover\" srcset=\"https:\/\/www.stolun.sk\/wp-content\/uploads\/2025\/04\/46-1-1024x1024.jpg 1024w, https:\/\/www.stolun.sk\/wp-content\/uploads\/2025\/04\/46-1-300x300.jpg 300w, https:\/\/www.stolun.sk\/wp-content\/uploads\/2025\/04\/46-1-150x150.jpg 150w, https:\/\/www.stolun.sk\/wp-content\/uploads\/2025\/04\/46-1-768x768.jpg 768w, https:\/\/www.stolun.sk\/wp-content\/uploads\/2025\/04\/46-1.jpg 1080w\" sizes=\"(max-width: 1024px) 100vw, 1024px\" \/><\/figure>\n\n\n\n<div style=\"height:var(--wp--preset--spacing--50)\" aria-hidden=\"true\" class=\"wp-block-spacer\"><\/div>\n\n\n\n<figure class=\"wp-block-image size-large is-style-rounded is-style-rounded--7\"><img loading=\"lazy\" decoding=\"async\" width=\"1024\" height=\"1024\" src=\"https:\/\/www.stolun.sk\/wp-content\/uploads\/2025\/04\/72-4-1024x1024.jpg\" alt=\"\" class=\"wp-image-407\" style=\"aspect-ratio:1;object-fit:cover\" srcset=\"https:\/\/www.stolun.sk\/wp-content\/uploads\/2025\/04\/72-4-1024x1024.jpg 1024w, https:\/\/www.stolun.sk\/wp-content\/uploads\/2025\/04\/72-4-300x300.jpg 300w, https:\/\/www.stolun.sk\/wp-content\/uploads\/2025\/04\/72-4-150x150.jpg 150w, https:\/\/www.stolun.sk\/wp-content\/uploads\/2025\/04\/72-4-768x768.jpg 768w, https:\/\/www.stolun.sk\/wp-content\/uploads\/2025\/04\/72-4.jpg 1080w\" sizes=\"(max-width: 1024px) 100vw, 1024px\" \/><\/figure>\n<\/div>\n\n\n\n<div class=\"wp-block-column is-layout-flow wp-container-core-column-is-layout-8a368f38 wp-block-column-is-layout-flow\">\n<figure class=\"wp-block-image size-large is-style-rounded is-style-rounded--8\"><img loading=\"lazy\" decoding=\"async\" width=\"1080\" height=\"810\" src=\"https:\/\/www.stolun.sk\/wp-content\/uploads\/2025\/04\/33-2-edited.jpg\" alt=\"\" class=\"wp-image-408\" style=\"aspect-ratio:3\/4;object-fit:cover\" srcset=\"https:\/\/www.stolun.sk\/wp-content\/uploads\/2025\/04\/33-2-edited.jpg 1080w, https:\/\/www.stolun.sk\/wp-content\/uploads\/2025\/04\/33-2-edited-300x225.jpg 300w, https:\/\/www.stolun.sk\/wp-content\/uploads\/2025\/04\/33-2-edited-1024x768.jpg 1024w, https:\/\/www.stolun.sk\/wp-content\/uploads\/2025\/04\/33-2-edited-768x576.jpg 768w\" sizes=\"(max-width: 1080px) 100vw, 1080px\" \/><\/figure>\n\n\n\n<div style=\"height:var(--wp--preset--spacing--50)\" aria-hidden=\"true\" class=\"wp-block-spacer\"><\/div>\n\n\n\n<figure class=\"wp-block-image size-large is-style-rounded is-style-rounded--9\"><img loading=\"lazy\" decoding=\"async\" width=\"1080\" height=\"810\" src=\"https:\/\/www.stolun.sk\/wp-content\/uploads\/2025\/04\/57-2-edited.jpg\" alt=\"\" class=\"wp-image-410\" style=\"aspect-ratio:3\/4;object-fit:cover\" srcset=\"https:\/\/www.stolun.sk\/wp-content\/uploads\/2025\/04\/57-2-edited.jpg 1080w, https:\/\/www.stolun.sk\/wp-content\/uploads\/2025\/04\/57-2-edited-300x225.jpg 300w, https:\/\/www.stolun.sk\/wp-content\/uploads\/2025\/04\/57-2-edited-1024x768.jpg 1024w, https:\/\/www.stolun.sk\/wp-content\/uploads\/2025\/04\/57-2-edited-768x576.jpg 768w\" sizes=\"(max-width: 1080px) 100vw, 1080px\" \/><\/figure>\n\n\n\n<div style=\"height:var(--wp--preset--spacing--50)\" aria-hidden=\"true\" class=\"wp-block-spacer\"><\/div>\n\n\n<\/div>\n\n\n\n<div class=\"wp-block-column is-layout-flow wp-container-core-column-is-layout-8a368f38 wp-block-column-is-layout-flow\">\n<div style=\"height:var(--wp--preset--spacing--50)\" aria-hidden=\"true\" class=\"wp-block-spacer\"><\/div>\n\n\n\n<figure class=\"wp-block-image size-large is-style-rounded is-style-rounded--11\"><img loading=\"lazy\" decoding=\"async\" width=\"1080\" height=\"810\" src=\"https:\/\/www.stolun.sk\/wp-content\/uploads\/2025\/04\/38-1-edited.jpg\" alt=\"\" class=\"wp-image-409\" style=\"aspect-ratio:1;object-fit:cover\" srcset=\"https:\/\/www.stolun.sk\/wp-content\/uploads\/2025\/04\/38-1-edited.jpg 1080w, https:\/\/www.stolun.sk\/wp-content\/uploads\/2025\/04\/38-1-edited-300x225.jpg 300w, https:\/\/www.stolun.sk\/wp-content\/uploads\/2025\/04\/38-1-edited-1024x768.jpg 1024w, https:\/\/www.stolun.sk\/wp-content\/uploads\/2025\/04\/38-1-edited-768x576.jpg 768w\" sizes=\"(max-width: 1080px) 100vw, 1080px\" \/><\/figure>\n\n\n\n<div style=\"height:var(--wp--preset--spacing--50)\" aria-hidden=\"true\" class=\"wp-block-spacer\"><\/div>\n\n\n\n<figure class=\"wp-block-image size-large is-style-rounded is-style-rounded--12\"><img loading=\"lazy\" decoding=\"async\" width=\"1024\" height=\"1024\" src=\"https:\/\/www.stolun.sk\/wp-content\/uploads\/2025\/04\/47-1-1024x1024.jpg\" alt=\"\" class=\"wp-image-404\" style=\"aspect-ratio:16\/9;object-fit:cover\" srcset=\"https:\/\/www.stolun.sk\/wp-content\/uploads\/2025\/04\/47-1-1024x1024.jpg 1024w, https:\/\/www.stolun.sk\/wp-content\/uploads\/2025\/04\/47-1-300x300.jpg 300w, https:\/\/www.stolun.sk\/wp-content\/uploads\/2025\/04\/47-1-150x150.jpg 150w, https:\/\/www.stolun.sk\/wp-content\/uploads\/2025\/04\/47-1-768x768.jpg 768w, https:\/\/www.stolun.sk\/wp-content\/uploads\/2025\/04\/47-1.jpg 1080w\" sizes=\"(max-width: 1024px) 100vw, 1024px\" \/><\/figure>\n\n\n\n<div style=\"height:var(--wp--preset--spacing--50)\" aria-hidden=\"true\" class=\"wp-block-spacer\"><\/div>\n\n\n<\/div>\n<\/div>\n<\/div>\n","protected":false},"excerpt":{"rendered":"<p>Drevo, ktor\u00e9 o\u017eiv\u00ed ka\u017ed\u00fd priestor. Trendom dne\u0161n\u00fdch dizajnov\u00fdch priestorov s\u00fa lamelov\u00e9 obklady stien. Kvalitn\u00e9 obklady stien zaru\u010dia udr\u017eate\u013enos\u0165 a\u00a0odolnos\u0165 frekventovan\u00fdch stien v\u00a0estetickom duchu. Samostatn\u00fd obklad steny alebo v\u00a0kombin\u00e1ci\u00ed s\u00a0ob\u00fdvacou stenou \u010di chodbov\u00fdm n\u00e1bytkom dodr\u017e\u00ed presn\u00e9 l\u00ednie v\u00e1\u0161ho priestoru, \u010do pri s\u00e9riovej v\u00fdrobe nem\u00f4\u017eeme o\u010dak\u00e1va\u0165. Dreven\u00fd obklad stropu pozdvihne nie len zrak rezidenta vy\u0161\u0161ie ale aj [&hellip;]<\/p>\n","protected":false},"author":3,"featured_media":0,"parent":463,"menu_order":0,"comment_status":"closed","ping_status":"closed","template":"","meta":{"footnotes":""},"class_list":["post-88","page","type-page","status-publish","hentry"],"_links":{"self":[{"href":"https:\/\/www.stolun.sk\/index.php?rest_route=\/wp\/v2\/pages\/88","targetHints":{"allow":["GET"]}}],"collection":[{"href":"https:\/\/www.stolun.sk\/index.php?rest_route=\/wp\/v2\/pages"}],"about":[{"href":"https:\/\/www.stolun.sk\/index.php?rest_route=\/wp\/v2\/types\/page"}],"author":[{"embeddable":true,"href":"https:\/\/www.stolun.sk\/index.php?rest_route=\/wp\/v2\/users\/3"}],"replies":[{"embeddable":true,"href":"https:\/\/www.stolun.sk\/index.php?rest_route=%2Fwp%2Fv2%2Fcomments&post=88"}],"version-history":[{"count":1,"href":"https:\/\/www.stolun.sk\/index.php?rest_route=\/wp\/v2\/pages\/88\/revisions"}],"predecessor-version":[{"id":411,"href":"https:\/\/www.stolun.sk\/index.php?rest_route=\/wp\/v2\/pages\/88\/revisions\/411"}],"up":[{"embeddable":true,"href":"https:\/\/www.stolun.sk\/index.php?rest_route=\/wp\/v2\/pages\/463"}],"wp:attachment":[{"href":"https:\/\/www.stolun.sk\/index.php?rest_route=%2Fwp%2Fv2%2Fmedia&parent=88"}],"curies":[{"name":"wp","href":"https:\/\/api.w.org\/{rel}","templated":true}]}}