{"id":85,"date":"2025-07-08T20:08:47","date_gmt":"2025-07-08T18:08:47","guid":{"rendered":"https:\/\/www.stolun.sk\/?page_id=85"},"modified":"2025-07-08T20:08:47","modified_gmt":"2025-07-08T18:08:47","slug":"schody","status":"publish","type":"page","link":"https:\/\/www.stolun.sk\/?page_id=85","title":{"rendered":"Schody"},"content":{"rendered":"\n<figure class=\"wp-block-image size-large is-style-rounded is-style-rounded--1\"><img fetchpriority=\"high\" decoding=\"async\" width=\"1080\" height=\"810\" src=\"https:\/\/www.stolun.sk\/wp-content\/uploads\/2025\/04\/83-1-edited.jpg\" alt=\"\" class=\"wp-image-283\" srcset=\"https:\/\/www.stolun.sk\/wp-content\/uploads\/2025\/04\/83-1-edited.jpg 1080w, https:\/\/www.stolun.sk\/wp-content\/uploads\/2025\/04\/83-1-edited-300x225.jpg 300w, https:\/\/www.stolun.sk\/wp-content\/uploads\/2025\/04\/83-1-edited-1024x768.jpg 1024w, https:\/\/www.stolun.sk\/wp-content\/uploads\/2025\/04\/83-1-edited-768x576.jpg 768w\" sizes=\"(max-width: 1080px) 100vw, 1080px\" \/><\/figure>\n\n\n\n<div class=\"wp-block-group alignwide has-global-padding is-layout-constrained wp-block-group-is-layout-constrained\">\n<h1 class=\"wp-block-heading alignwide has-text-align-center has-xx-large-font-size\" style=\"line-height:1.2\">Drevo, ktor\u00e9 v\u00e1s dovedie tam, kam patr\u00edte.<\/h1>\n\n\n\n<p>Schody vytv\u00e1rame s oh\u013eadom na praktickos\u0165 ale nezab\u00fadame ani na estetiku. V\u010faka n\u00e1\u0161mu spracovaniu zabezpe\u010dujeme, aby ka\u017ed\u00e9 schody boli bezpe\u010dn\u00e9, pohodln\u00e9 a z\u00e1rove\u0148 ladili s interi\u00e9rom. Nech u\u017e ide o jednoduch\u0161ie \u010di n\u00e1ro\u010dnej\u0161ie kon\u0161trukcie, v\u017edy db\u00e1me na kvalitu a dlh\u00fa \u017eivotnos\u0165.<br><\/p>\n<\/div>\n\n\n\n<div class=\"wp-block-group alignfull has-global-padding is-layout-constrained wp-container-core-group-is-layout-b25ccd55 wp-block-group-is-layout-constrained\" style=\"margin-top:0;margin-bottom:0;padding-top:var(--wp--preset--spacing--50);padding-right:var(--wp--preset--spacing--50);padding-bottom:var(--wp--preset--spacing--50);padding-left:var(--wp--preset--spacing--50)\">\n<div class=\"wp-block-columns alignwide is-layout-flex wp-container-core-columns-is-layout-ff4b9c61 wp-block-columns-is-layout-flex\" style=\"margin-top:0;margin-bottom:0\">\n<div class=\"wp-block-column is-layout-flow wp-container-core-column-is-layout-8a368f38 wp-block-column-is-layout-flow\">\n<figure class=\"wp-block-image size-large is-style-rounded is-style-rounded--2\"><img decoding=\"async\" width=\"810\" height=\"1080\" src=\"https:\/\/www.stolun.sk\/wp-content\/uploads\/2025\/04\/2-4-edited.jpg\" alt=\"\" class=\"wp-image-286\" style=\"aspect-ratio:4\/3;object-fit:cover\" srcset=\"https:\/\/www.stolun.sk\/wp-content\/uploads\/2025\/04\/2-4-edited.jpg 810w, https:\/\/www.stolun.sk\/wp-content\/uploads\/2025\/04\/2-4-edited-225x300.jpg 225w, https:\/\/www.stolun.sk\/wp-content\/uploads\/2025\/04\/2-4-edited-768x1024.jpg 768w\" sizes=\"(max-width: 810px) 100vw, 810px\" \/><\/figure>\n\n\n\n<div style=\"height:var(--wp--preset--spacing--50)\" aria-hidden=\"true\" class=\"wp-block-spacer\"><\/div>\n\n\n\n<figure class=\"wp-block-image size-large is-style-rounded is-style-rounded--3\"><img decoding=\"async\" width=\"1024\" height=\"1024\" src=\"https:\/\/www.stolun.sk\/wp-content\/uploads\/2025\/04\/6-1-1024x1024.jpg\" alt=\"\" class=\"wp-image-291\" style=\"aspect-ratio:3\/4;object-fit:cover\" srcset=\"https:\/\/www.stolun.sk\/wp-content\/uploads\/2025\/04\/6-1-1024x1024.jpg 1024w, https:\/\/www.stolun.sk\/wp-content\/uploads\/2025\/04\/6-1-300x300.jpg 300w, https:\/\/www.stolun.sk\/wp-content\/uploads\/2025\/04\/6-1-150x150.jpg 150w, https:\/\/www.stolun.sk\/wp-content\/uploads\/2025\/04\/6-1-768x768.jpg 768w, https:\/\/www.stolun.sk\/wp-content\/uploads\/2025\/04\/6-1.jpg 1080w\" sizes=\"(max-width: 1024px) 100vw, 1024px\" \/><\/figure>\n\n\n\n<div style=\"height:var(--wp--preset--spacing--50)\" aria-hidden=\"true\" class=\"wp-block-spacer\"><\/div>\n\n\n\n<figure class=\"wp-block-image size-large is-style-rounded is-style-rounded--4\"><img loading=\"lazy\" decoding=\"async\" width=\"1080\" height=\"810\" src=\"https:\/\/www.stolun.sk\/wp-content\/uploads\/2025\/04\/83-2-edited.jpg\" alt=\"\" class=\"wp-image-298\" style=\"aspect-ratio:3\/4;object-fit:cover\" srcset=\"https:\/\/www.stolun.sk\/wp-content\/uploads\/2025\/04\/83-2-edited.jpg 1080w, https:\/\/www.stolun.sk\/wp-content\/uploads\/2025\/04\/83-2-edited-300x225.jpg 300w, https:\/\/www.stolun.sk\/wp-content\/uploads\/2025\/04\/83-2-edited-1024x768.jpg 1024w, https:\/\/www.stolun.sk\/wp-content\/uploads\/2025\/04\/83-2-edited-768x576.jpg 768w\" sizes=\"(max-width: 1080px) 100vw, 1080px\" \/><\/figure>\n<\/div>\n\n\n\n<div class=\"wp-block-column is-layout-flow wp-container-core-column-is-layout-8a368f38 wp-block-column-is-layout-flow\">\n<div style=\"height:var(--wp--preset--spacing--50)\" aria-hidden=\"true\" class=\"wp-block-spacer\"><\/div>\n\n\n\n<figure class=\"wp-block-image size-large is-style-rounded is-style-rounded--5\"><img loading=\"lazy\" decoding=\"async\" width=\"1024\" height=\"1024\" src=\"https:\/\/www.stolun.sk\/wp-content\/uploads\/2025\/04\/3-2-1024x1024.jpg\" alt=\"\" class=\"wp-image-285\" style=\"aspect-ratio:3\/4;object-fit:cover\" srcset=\"https:\/\/www.stolun.sk\/wp-content\/uploads\/2025\/04\/3-2-1024x1024.jpg 1024w, https:\/\/www.stolun.sk\/wp-content\/uploads\/2025\/04\/3-2-300x300.jpg 300w, https:\/\/www.stolun.sk\/wp-content\/uploads\/2025\/04\/3-2-150x150.jpg 150w, https:\/\/www.stolun.sk\/wp-content\/uploads\/2025\/04\/3-2-768x768.jpg 768w, https:\/\/www.stolun.sk\/wp-content\/uploads\/2025\/04\/3-2.jpg 1080w\" sizes=\"(max-width: 1024px) 100vw, 1024px\" \/><\/figure>\n\n\n\n<div style=\"height:var(--wp--preset--spacing--50)\" aria-hidden=\"true\" class=\"wp-block-spacer\"><\/div>\n\n\n\n<figure class=\"wp-block-image size-large is-style-rounded is-style-rounded--6\"><img loading=\"lazy\" decoding=\"async\" width=\"810\" height=\"1080\" src=\"https:\/\/www.stolun.sk\/wp-content\/uploads\/2025\/04\/7-1-edited.jpg\" alt=\"\" class=\"wp-image-293\" style=\"aspect-ratio:1;object-fit:cover\" srcset=\"https:\/\/www.stolun.sk\/wp-content\/uploads\/2025\/04\/7-1-edited.jpg 810w, https:\/\/www.stolun.sk\/wp-content\/uploads\/2025\/04\/7-1-edited-225x300.jpg 225w, https:\/\/www.stolun.sk\/wp-content\/uploads\/2025\/04\/7-1-edited-768x1024.jpg 768w\" sizes=\"(max-width: 810px) 100vw, 810px\" \/><\/figure>\n\n\n\n<div style=\"height:var(--wp--preset--spacing--50)\" aria-hidden=\"true\" class=\"wp-block-spacer\"><\/div>\n\n\n\n<figure class=\"wp-block-image size-large is-style-rounded is-style-rounded--7\"><img loading=\"lazy\" decoding=\"async\" width=\"810\" height=\"1080\" src=\"https:\/\/www.stolun.sk\/wp-content\/uploads\/2025\/04\/84-1-edited.jpg\" alt=\"\" class=\"wp-image-300\" style=\"aspect-ratio:1;object-fit:cover\" srcset=\"https:\/\/www.stolun.sk\/wp-content\/uploads\/2025\/04\/84-1-edited.jpg 810w, https:\/\/www.stolun.sk\/wp-content\/uploads\/2025\/04\/84-1-edited-225x300.jpg 225w, https:\/\/www.stolun.sk\/wp-content\/uploads\/2025\/04\/84-1-edited-768x1024.jpg 768w\" sizes=\"(max-width: 810px) 100vw, 810px\" \/><\/figure>\n<\/div>\n\n\n\n<div class=\"wp-block-column is-layout-flow wp-container-core-column-is-layout-8a368f38 wp-block-column-is-layout-flow\">\n<figure class=\"wp-block-image size-large is-style-rounded is-style-rounded--8\"><img loading=\"lazy\" decoding=\"async\" width=\"1080\" height=\"810\" src=\"https:\/\/www.stolun.sk\/wp-content\/uploads\/2025\/04\/4-3-edited.jpg\" alt=\"\" class=\"wp-image-289\" style=\"aspect-ratio:3\/4;object-fit:cover\" srcset=\"https:\/\/www.stolun.sk\/wp-content\/uploads\/2025\/04\/4-3-edited.jpg 1080w, https:\/\/www.stolun.sk\/wp-content\/uploads\/2025\/04\/4-3-edited-300x225.jpg 300w, https:\/\/www.stolun.sk\/wp-content\/uploads\/2025\/04\/4-3-edited-1024x768.jpg 1024w, https:\/\/www.stolun.sk\/wp-content\/uploads\/2025\/04\/4-3-edited-768x576.jpg 768w\" sizes=\"(max-width: 1080px) 100vw, 1080px\" \/><\/figure>\n\n\n\n<div style=\"height:var(--wp--preset--spacing--50)\" aria-hidden=\"true\" class=\"wp-block-spacer\"><\/div>\n\n\n\n<figure class=\"wp-block-image size-large is-style-rounded is-style-rounded--9\"><img loading=\"lazy\" decoding=\"async\" width=\"1024\" height=\"1024\" src=\"https:\/\/www.stolun.sk\/wp-content\/uploads\/2025\/04\/54-1-1024x1024.jpg\" alt=\"\" class=\"wp-image-294\" style=\"aspect-ratio:3\/4;object-fit:cover\" srcset=\"https:\/\/www.stolun.sk\/wp-content\/uploads\/2025\/04\/54-1-1024x1024.jpg 1024w, https:\/\/www.stolun.sk\/wp-content\/uploads\/2025\/04\/54-1-300x300.jpg 300w, https:\/\/www.stolun.sk\/wp-content\/uploads\/2025\/04\/54-1-150x150.jpg 150w, https:\/\/www.stolun.sk\/wp-content\/uploads\/2025\/04\/54-1-768x768.jpg 768w, https:\/\/www.stolun.sk\/wp-content\/uploads\/2025\/04\/54-1.jpg 1080w\" sizes=\"(max-width: 1024px) 100vw, 1024px\" \/><\/figure>\n\n\n\n<div style=\"height:var(--wp--preset--spacing--50)\" aria-hidden=\"true\" class=\"wp-block-spacer\"><\/div>\n\n\n<\/div>\n\n\n\n<div class=\"wp-block-column is-layout-flow wp-container-core-column-is-layout-8a368f38 wp-block-column-is-layout-flow\">\n<div style=\"height:var(--wp--preset--spacing--50)\" aria-hidden=\"true\" class=\"wp-block-spacer\"><\/div>\n\n\n\n<figure class=\"wp-block-image size-large is-style-rounded is-style-rounded--11\"><img loading=\"lazy\" decoding=\"async\" width=\"1080\" height=\"810\" src=\"https:\/\/www.stolun.sk\/wp-content\/uploads\/2025\/04\/5-3-edited.jpg\" alt=\"\" class=\"wp-image-290\" style=\"aspect-ratio:1;object-fit:cover\" srcset=\"https:\/\/www.stolun.sk\/wp-content\/uploads\/2025\/04\/5-3-edited.jpg 1080w, https:\/\/www.stolun.sk\/wp-content\/uploads\/2025\/04\/5-3-edited-300x225.jpg 300w, https:\/\/www.stolun.sk\/wp-content\/uploads\/2025\/04\/5-3-edited-1024x768.jpg 1024w, https:\/\/www.stolun.sk\/wp-content\/uploads\/2025\/04\/5-3-edited-768x576.jpg 768w\" sizes=\"(max-width: 1080px) 100vw, 1080px\" \/><\/figure>\n\n\n\n<div style=\"height:var(--wp--preset--spacing--50)\" aria-hidden=\"true\" class=\"wp-block-spacer\"><\/div>\n\n\n\n<figure class=\"wp-block-image size-large is-style-rounded is-style-rounded--12\"><img loading=\"lazy\" decoding=\"async\" width=\"810\" height=\"1080\" src=\"https:\/\/www.stolun.sk\/wp-content\/uploads\/2025\/04\/54-2-edited.jpg\" alt=\"\" class=\"wp-image-296\" style=\"aspect-ratio:16\/9;object-fit:cover\" srcset=\"https:\/\/www.stolun.sk\/wp-content\/uploads\/2025\/04\/54-2-edited.jpg 810w, https:\/\/www.stolun.sk\/wp-content\/uploads\/2025\/04\/54-2-edited-225x300.jpg 225w, https:\/\/www.stolun.sk\/wp-content\/uploads\/2025\/04\/54-2-edited-768x1024.jpg 768w\" sizes=\"(max-width: 810px) 100vw, 810px\" \/><\/figure>\n\n\n\n<div style=\"height:var(--wp--preset--spacing--50)\" aria-hidden=\"true\" class=\"wp-block-spacer\"><\/div>\n\n\n<\/div>\n<\/div>\n<\/div>\n","protected":false},"excerpt":{"rendered":"<p>Drevo, ktor\u00e9 v\u00e1s dovedie tam, kam patr\u00edte. Schody vytv\u00e1rame s oh\u013eadom na praktickos\u0165 ale nezab\u00fadame ani na estetiku. V\u010faka n\u00e1\u0161mu spracovaniu zabezpe\u010dujeme, aby ka\u017ed\u00e9 schody boli bezpe\u010dn\u00e9, pohodln\u00e9 a z\u00e1rove\u0148 ladili s interi\u00e9rom. Nech u\u017e ide o jednoduch\u0161ie \u010di n\u00e1ro\u010dnej\u0161ie kon\u0161trukcie, v\u017edy db\u00e1me na kvalitu a dlh\u00fa \u017eivotnos\u0165.<\/p>\n","protected":false},"author":3,"featured_media":0,"parent":463,"menu_order":0,"comment_status":"closed","ping_status":"closed","template":"","meta":{"footnotes":""},"class_list":["post-85","page","type-page","status-publish","hentry"],"_links":{"self":[{"href":"https:\/\/www.stolun.sk\/index.php?rest_route=\/wp\/v2\/pages\/85","targetHints":{"allow":["GET"]}}],"collection":[{"href":"https:\/\/www.stolun.sk\/index.php?rest_route=\/wp\/v2\/pages"}],"about":[{"href":"https:\/\/www.stolun.sk\/index.php?rest_route=\/wp\/v2\/types\/page"}],"author":[{"embeddable":true,"href":"https:\/\/www.stolun.sk\/index.php?rest_route=\/wp\/v2\/users\/3"}],"replies":[{"embeddable":true,"href":"https:\/\/www.stolun.sk\/index.php?rest_route=%2Fwp%2Fv2%2Fcomments&post=85"}],"version-history":[{"count":1,"href":"https:\/\/www.stolun.sk\/index.php?rest_route=\/wp\/v2\/pages\/85\/revisions"}],"predecessor-version":[{"id":301,"href":"https:\/\/www.stolun.sk\/index.php?rest_route=\/wp\/v2\/pages\/85\/revisions\/301"}],"up":[{"embeddable":true,"href":"https:\/\/www.stolun.sk\/index.php?rest_route=\/wp\/v2\/pages\/463"}],"wp:attachment":[{"href":"https:\/\/www.stolun.sk\/index.php?rest_route=%2Fwp%2Fv2%2Fmedia&parent=85"}],"curies":[{"name":"wp","href":"https:\/\/api.w.org\/{rel}","templated":true}]}}