{"id":84,"date":"2025-07-08T20:09:12","date_gmt":"2025-07-08T18:09:12","guid":{"rendered":"https:\/\/www.stolun.sk\/?page_id=84"},"modified":"2025-07-08T20:09:12","modified_gmt":"2025-07-08T18:09:12","slug":"ulozny-nabytok","status":"publish","type":"page","link":"https:\/\/www.stolun.sk\/?page_id=84","title":{"rendered":"\u00dalo\u017en\u00fd n\u00e1bytok"},"content":{"rendered":"\n<figure class=\"wp-block-image size-large is-style-rounded is-style-rounded--1\"><img fetchpriority=\"high\" decoding=\"async\" width=\"768\" height=\"1024\" src=\"https:\/\/www.stolun.sk\/wp-content\/uploads\/2025\/04\/2-3-768x1024.jpg\" alt=\"\" class=\"wp-image-263\" srcset=\"https:\/\/www.stolun.sk\/wp-content\/uploads\/2025\/04\/2-3-768x1024.jpg 768w, https:\/\/www.stolun.sk\/wp-content\/uploads\/2025\/04\/2-3-225x300.jpg 225w, https:\/\/www.stolun.sk\/wp-content\/uploads\/2025\/04\/2-3-1152x1536.jpg 1152w, https:\/\/www.stolun.sk\/wp-content\/uploads\/2025\/04\/2-3.jpg 1536w\" sizes=\"(max-width: 768px) 100vw, 768px\" \/><\/figure>\n\n\n\n<div class=\"wp-block-group alignwide has-global-padding is-layout-constrained wp-block-group-is-layout-constrained\">\n<h1 class=\"wp-block-heading alignwide has-text-align-center has-xx-large-font-size\" style=\"line-height:1.2\">Viac priestoru, menej chaosu.<\/h1>\n\n\n\n<p>\u00dalo\u017en\u00fd n\u00e1bytok navrhujeme s cie\u013eom maximalizova\u0165 priestor a organiz\u00e1ciu. Ka\u017ed\u00fd kus je vytvoren\u00fd na mieru, aby vyhovoval va\u0161im po\u017eiadavk\u00e1m na praktickos\u0165 a \u0161t\u00fdl. Od pol\u00edc cez skrinky a\u017e po chodbov\u00e9 steny, na\u0161e rie\u0161enia pon\u00fakaj\u00fa dostatok priestoru na uskladnenie a z\u00e1rove\u0148 esteticky dop\u013a\u0148aj\u00fa interi\u00e9r.<\/p>\n<\/div>\n\n\n\n<div class=\"wp-block-group alignfull has-global-padding is-layout-constrained wp-container-core-group-is-layout-b25ccd55 wp-block-group-is-layout-constrained\" style=\"margin-top:0;margin-bottom:0;padding-top:var(--wp--preset--spacing--50);padding-right:var(--wp--preset--spacing--50);padding-bottom:var(--wp--preset--spacing--50);padding-left:var(--wp--preset--spacing--50)\">\n<div class=\"wp-block-columns alignwide is-layout-flex wp-container-core-columns-is-layout-ff4b9c61 wp-block-columns-is-layout-flex\" style=\"margin-top:0;margin-bottom:0\">\n<div class=\"wp-block-column is-layout-flow wp-container-core-column-is-layout-8a368f38 wp-block-column-is-layout-flow\">\n<figure class=\"wp-block-image size-large is-style-rounded is-style-rounded--2\"><img decoding=\"async\" width=\"768\" height=\"1024\" src=\"https:\/\/www.stolun.sk\/wp-content\/uploads\/2025\/04\/2-5-768x1024.jpg\" alt=\"\" class=\"wp-image-339\" style=\"aspect-ratio:4\/3;object-fit:cover\" srcset=\"https:\/\/www.stolun.sk\/wp-content\/uploads\/2025\/04\/2-5-768x1024.jpg 768w, https:\/\/www.stolun.sk\/wp-content\/uploads\/2025\/04\/2-5-225x300.jpg 225w, https:\/\/www.stolun.sk\/wp-content\/uploads\/2025\/04\/2-5-1152x1536.jpg 1152w, https:\/\/www.stolun.sk\/wp-content\/uploads\/2025\/04\/2-5.jpg 1536w\" sizes=\"(max-width: 768px) 100vw, 768px\" \/><\/figure>\n\n\n\n<div style=\"height:var(--wp--preset--spacing--50)\" aria-hidden=\"true\" class=\"wp-block-spacer\"><\/div>\n\n\n\n<figure class=\"wp-block-image size-large is-style-rounded is-style-rounded--3\"><img decoding=\"async\" width=\"1414\" height=\"1061\" src=\"https:\/\/www.stolun.sk\/wp-content\/uploads\/2025\/04\/4-3-edited.png\" alt=\"\" class=\"wp-image-352\" style=\"aspect-ratio:3\/4;object-fit:cover\" srcset=\"https:\/\/www.stolun.sk\/wp-content\/uploads\/2025\/04\/4-3-edited.png 1414w, https:\/\/www.stolun.sk\/wp-content\/uploads\/2025\/04\/4-3-edited-300x225.png 300w, https:\/\/www.stolun.sk\/wp-content\/uploads\/2025\/04\/4-3-edited-1024x768.png 1024w, https:\/\/www.stolun.sk\/wp-content\/uploads\/2025\/04\/4-3-edited-768x576.png 768w\" sizes=\"(max-width: 1414px) 100vw, 1414px\" \/><\/figure>\n\n\n\n<div style=\"height:var(--wp--preset--spacing--50)\" aria-hidden=\"true\" class=\"wp-block-spacer\"><\/div>\n\n\n\n<figure class=\"wp-block-image size-large is-style-rounded is-style-rounded--4\"><img loading=\"lazy\" decoding=\"async\" width=\"1024\" height=\"1024\" src=\"https:\/\/www.stolun.sk\/wp-content\/uploads\/2025\/04\/55-1-1024x1024.jpg\" alt=\"\" class=\"wp-image-349\" style=\"aspect-ratio:3\/4;object-fit:cover\" srcset=\"https:\/\/www.stolun.sk\/wp-content\/uploads\/2025\/04\/55-1-1024x1024.jpg 1024w, https:\/\/www.stolun.sk\/wp-content\/uploads\/2025\/04\/55-1-300x300.jpg 300w, https:\/\/www.stolun.sk\/wp-content\/uploads\/2025\/04\/55-1-150x150.jpg 150w, https:\/\/www.stolun.sk\/wp-content\/uploads\/2025\/04\/55-1-768x768.jpg 768w, https:\/\/www.stolun.sk\/wp-content\/uploads\/2025\/04\/55-1.jpg 1080w\" sizes=\"(max-width: 1024px) 100vw, 1024px\" \/><\/figure>\n<\/div>\n\n\n\n<div class=\"wp-block-column is-layout-flow wp-container-core-column-is-layout-8a368f38 wp-block-column-is-layout-flow\">\n<div style=\"height:var(--wp--preset--spacing--50)\" aria-hidden=\"true\" class=\"wp-block-spacer\"><\/div>\n\n\n\n<figure class=\"wp-block-image size-large is-style-rounded is-style-rounded--5\"><img loading=\"lazy\" decoding=\"async\" width=\"1024\" height=\"1024\" src=\"https:\/\/www.stolun.sk\/wp-content\/uploads\/2025\/04\/3-1-1024x1024.png\" alt=\"\" class=\"wp-image-340\" style=\"aspect-ratio:3\/4;object-fit:cover\" srcset=\"https:\/\/www.stolun.sk\/wp-content\/uploads\/2025\/04\/3-1-1024x1024.png 1024w, https:\/\/www.stolun.sk\/wp-content\/uploads\/2025\/04\/3-1-300x300.png 300w, https:\/\/www.stolun.sk\/wp-content\/uploads\/2025\/04\/3-1-150x150.png 150w, https:\/\/www.stolun.sk\/wp-content\/uploads\/2025\/04\/3-1-768x768.png 768w, https:\/\/www.stolun.sk\/wp-content\/uploads\/2025\/04\/3-1.png 1080w\" sizes=\"(max-width: 1024px) 100vw, 1024px\" \/><\/figure>\n\n\n\n<div style=\"height:var(--wp--preset--spacing--50)\" aria-hidden=\"true\" class=\"wp-block-spacer\"><\/div>\n\n\n\n<figure class=\"wp-block-image size-large is-style-rounded is-style-rounded--6\"><img loading=\"lazy\" decoding=\"async\" width=\"810\" height=\"1080\" src=\"https:\/\/www.stolun.sk\/wp-content\/uploads\/2025\/04\/18-5-edited.jpg\" alt=\"\" class=\"wp-image-353\" style=\"aspect-ratio:1;object-fit:cover\" srcset=\"https:\/\/www.stolun.sk\/wp-content\/uploads\/2025\/04\/18-5-edited.jpg 810w, https:\/\/www.stolun.sk\/wp-content\/uploads\/2025\/04\/18-5-edited-225x300.jpg 225w, https:\/\/www.stolun.sk\/wp-content\/uploads\/2025\/04\/18-5-edited-768x1024.jpg 768w\" sizes=\"(max-width: 810px) 100vw, 810px\" \/><\/figure>\n\n\n\n<div style=\"height:var(--wp--preset--spacing--50)\" aria-hidden=\"true\" class=\"wp-block-spacer\"><\/div>\n\n\n\n<figure class=\"wp-block-image size-large is-style-rounded is-style-rounded--7\"><img loading=\"lazy\" decoding=\"async\" width=\"810\" height=\"1080\" src=\"https:\/\/www.stolun.sk\/wp-content\/uploads\/2025\/04\/58-1-edited.jpg\" alt=\"\" class=\"wp-image-358\" style=\"aspect-ratio:1;object-fit:cover\" srcset=\"https:\/\/www.stolun.sk\/wp-content\/uploads\/2025\/04\/58-1-edited.jpg 810w, https:\/\/www.stolun.sk\/wp-content\/uploads\/2025\/04\/58-1-edited-225x300.jpg 225w, https:\/\/www.stolun.sk\/wp-content\/uploads\/2025\/04\/58-1-edited-768x1024.jpg 768w\" sizes=\"(max-width: 810px) 100vw, 810px\" \/><\/figure>\n<\/div>\n\n\n\n<div class=\"wp-block-column is-layout-flow wp-container-core-column-is-layout-8a368f38 wp-block-column-is-layout-flow\">\n<figure class=\"wp-block-image size-large is-style-rounded is-style-rounded--8\"><img loading=\"lazy\" decoding=\"async\" width=\"724\" height=\"1024\" src=\"https:\/\/www.stolun.sk\/wp-content\/uploads\/2025\/04\/15-4-724x1024.jpg\" alt=\"\" class=\"wp-image-343\" style=\"aspect-ratio:3\/4;object-fit:cover\" srcset=\"https:\/\/www.stolun.sk\/wp-content\/uploads\/2025\/04\/15-4-724x1024.jpg 724w, https:\/\/www.stolun.sk\/wp-content\/uploads\/2025\/04\/15-4-212x300.jpg 212w, https:\/\/www.stolun.sk\/wp-content\/uploads\/2025\/04\/15-4-768x1086.jpg 768w, https:\/\/www.stolun.sk\/wp-content\/uploads\/2025\/04\/15-4-1086x1536.jpg 1086w, https:\/\/www.stolun.sk\/wp-content\/uploads\/2025\/04\/15-4.jpg 1414w\" sizes=\"(max-width: 724px) 100vw, 724px\" \/><\/figure>\n\n\n\n<div style=\"height:var(--wp--preset--spacing--50)\" aria-hidden=\"true\" class=\"wp-block-spacer\"><\/div>\n\n\n\n<figure class=\"wp-block-image size-large is-style-rounded is-style-rounded--9\"><img loading=\"lazy\" decoding=\"async\" width=\"983\" height=\"738\" src=\"https:\/\/www.stolun.sk\/wp-content\/uploads\/2025\/04\/25-1-edited-1.jpg\" alt=\"\" class=\"wp-image-355\" style=\"aspect-ratio:3\/4;object-fit:cover\" srcset=\"https:\/\/www.stolun.sk\/wp-content\/uploads\/2025\/04\/25-1-edited-1.jpg 983w, https:\/\/www.stolun.sk\/wp-content\/uploads\/2025\/04\/25-1-edited-1-300x225.jpg 300w, https:\/\/www.stolun.sk\/wp-content\/uploads\/2025\/04\/25-1-edited-1-768x577.jpg 768w\" sizes=\"(max-width: 983px) 100vw, 983px\" \/><\/figure>\n\n\n\n<div style=\"height:var(--wp--preset--spacing--50)\" aria-hidden=\"true\" class=\"wp-block-spacer\"><\/div>\n\n\n\n<figure class=\"wp-block-image size-large is-style-rounded is-style-rounded--10\"><img loading=\"lazy\" decoding=\"async\" width=\"810\" height=\"1080\" src=\"https:\/\/www.stolun.sk\/wp-content\/uploads\/2025\/04\/26-1-edited-1.jpg\" alt=\"\" class=\"wp-image-448\" style=\"aspect-ratio:16\/9;object-fit:cover\" srcset=\"https:\/\/www.stolun.sk\/wp-content\/uploads\/2025\/04\/26-1-edited-1.jpg 810w, https:\/\/www.stolun.sk\/wp-content\/uploads\/2025\/04\/26-1-edited-1-225x300.jpg 225w, https:\/\/www.stolun.sk\/wp-content\/uploads\/2025\/04\/26-1-edited-1-768x1024.jpg 768w\" sizes=\"(max-width: 810px) 100vw, 810px\" \/><\/figure>\n<\/div>\n\n\n\n<div class=\"wp-block-column is-layout-flow wp-container-core-column-is-layout-8a368f38 wp-block-column-is-layout-flow\">\n<div style=\"height:var(--wp--preset--spacing--50)\" aria-hidden=\"true\" class=\"wp-block-spacer\"><\/div>\n\n\n\n<figure class=\"wp-block-image size-large is-style-rounded is-style-rounded--11\"><img loading=\"lazy\" decoding=\"async\" width=\"810\" height=\"1080\" src=\"https:\/\/www.stolun.sk\/wp-content\/uploads\/2025\/04\/16-3-edited.jpg\" alt=\"\" class=\"wp-image-351\" style=\"aspect-ratio:1;object-fit:cover\" srcset=\"https:\/\/www.stolun.sk\/wp-content\/uploads\/2025\/04\/16-3-edited.jpg 810w, https:\/\/www.stolun.sk\/wp-content\/uploads\/2025\/04\/16-3-edited-225x300.jpg 225w, https:\/\/www.stolun.sk\/wp-content\/uploads\/2025\/04\/16-3-edited-768x1024.jpg 768w\" sizes=\"(max-width: 810px) 100vw, 810px\" \/><\/figure>\n\n\n\n<div style=\"height:var(--wp--preset--spacing--50)\" aria-hidden=\"true\" class=\"wp-block-spacer\"><\/div>\n\n\n\n<figure class=\"wp-block-image size-large is-style-rounded is-style-rounded--12\"><img loading=\"lazy\" decoding=\"async\" width=\"1024\" height=\"1024\" src=\"https:\/\/www.stolun.sk\/wp-content\/uploads\/2025\/04\/65-2-1024x1024.jpg\" alt=\"\" class=\"wp-image-357\" style=\"aspect-ratio:9\/16;object-fit:cover\" srcset=\"https:\/\/www.stolun.sk\/wp-content\/uploads\/2025\/04\/65-2-1024x1024.jpg 1024w, https:\/\/www.stolun.sk\/wp-content\/uploads\/2025\/04\/65-2-300x300.jpg 300w, https:\/\/www.stolun.sk\/wp-content\/uploads\/2025\/04\/65-2-150x150.jpg 150w, https:\/\/www.stolun.sk\/wp-content\/uploads\/2025\/04\/65-2-768x768.jpg 768w, https:\/\/www.stolun.sk\/wp-content\/uploads\/2025\/04\/65-2.jpg 1080w\" sizes=\"(max-width: 1024px) 100vw, 1024px\" \/><\/figure>\n\n\n\n<figure class=\"wp-block-image size-large\"><img loading=\"lazy\" decoding=\"async\" width=\"1024\" height=\"1024\" src=\"https:\/\/www.stolun.sk\/wp-content\/uploads\/2025\/04\/43-1024x1024.jpg\" alt=\"\" class=\"wp-image-451\" srcset=\"https:\/\/www.stolun.sk\/wp-content\/uploads\/2025\/04\/43-1024x1024.jpg 1024w, https:\/\/www.stolun.sk\/wp-content\/uploads\/2025\/04\/43-300x300.jpg 300w, https:\/\/www.stolun.sk\/wp-content\/uploads\/2025\/04\/43-150x150.jpg 150w, https:\/\/www.stolun.sk\/wp-content\/uploads\/2025\/04\/43-768x768.jpg 768w, https:\/\/www.stolun.sk\/wp-content\/uploads\/2025\/04\/43.jpg 1080w\" sizes=\"(max-width: 1024px) 100vw, 1024px\" \/><\/figure>\n<\/div>\n<\/div>\n<\/div>\n","protected":false},"excerpt":{"rendered":"<p>Viac priestoru, menej chaosu. \u00dalo\u017en\u00fd n\u00e1bytok navrhujeme s cie\u013eom maximalizova\u0165 priestor a organiz\u00e1ciu. Ka\u017ed\u00fd kus je vytvoren\u00fd na mieru, aby vyhovoval va\u0161im po\u017eiadavk\u00e1m na praktickos\u0165 a \u0161t\u00fdl. Od pol\u00edc cez skrinky a\u017e po chodbov\u00e9 steny, na\u0161e rie\u0161enia pon\u00fakaj\u00fa dostatok priestoru na uskladnenie a z\u00e1rove\u0148 esteticky dop\u013a\u0148aj\u00fa interi\u00e9r.<\/p>\n","protected":false},"author":3,"featured_media":0,"parent":463,"menu_order":0,"comment_status":"closed","ping_status":"closed","template":"","meta":{"footnotes":""},"class_list":["post-84","page","type-page","status-publish","hentry"],"_links":{"self":[{"href":"https:\/\/www.stolun.sk\/index.php?rest_route=\/wp\/v2\/pages\/84","targetHints":{"allow":["GET"]}}],"collection":[{"href":"https:\/\/www.stolun.sk\/index.php?rest_route=\/wp\/v2\/pages"}],"about":[{"href":"https:\/\/www.stolun.sk\/index.php?rest_route=\/wp\/v2\/types\/page"}],"author":[{"embeddable":true,"href":"https:\/\/www.stolun.sk\/index.php?rest_route=\/wp\/v2\/users\/3"}],"replies":[{"embeddable":true,"href":"https:\/\/www.stolun.sk\/index.php?rest_route=%2Fwp%2Fv2%2Fcomments&post=84"}],"version-history":[{"count":4,"href":"https:\/\/www.stolun.sk\/index.php?rest_route=\/wp\/v2\/pages\/84\/revisions"}],"predecessor-version":[{"id":452,"href":"https:\/\/www.stolun.sk\/index.php?rest_route=\/wp\/v2\/pages\/84\/revisions\/452"}],"up":[{"embeddable":true,"href":"https:\/\/www.stolun.sk\/index.php?rest_route=\/wp\/v2\/pages\/463"}],"wp:attachment":[{"href":"https:\/\/www.stolun.sk\/index.php?rest_route=%2Fwp%2Fv2%2Fmedia&parent=84"}],"curies":[{"name":"wp","href":"https:\/\/api.w.org\/{rel}","templated":true}]}}