{"id":83,"date":"2025-07-08T20:08:22","date_gmt":"2025-07-08T18:08:22","guid":{"rendered":"https:\/\/www.stolun.sk\/?page_id=83"},"modified":"2025-07-08T20:08:22","modified_gmt":"2025-07-08T18:08:22","slug":"lozkovy-nabytok","status":"publish","type":"page","link":"https:\/\/www.stolun.sk\/?page_id=83","title":{"rendered":"L\u00f4\u017ekov\u00fd n\u00e1bytok"},"content":{"rendered":"\n<div style=\"height:var(--wp--preset--spacing--50)\" aria-hidden=\"true\" class=\"wp-block-spacer\"><\/div>\n\n\n\n<figure class=\"wp-block-image size-large is-style-rounded is-style-rounded--1\"><img fetchpriority=\"high\" decoding=\"async\" width=\"1024\" height=\"684\" src=\"https:\/\/www.stolun.sk\/wp-content\/uploads\/2025\/04\/Dizajn-bez-nazvu-4-2-1024x684.jpg\" alt=\"\" class=\"wp-image-319\" srcset=\"https:\/\/www.stolun.sk\/wp-content\/uploads\/2025\/04\/Dizajn-bez-nazvu-4-2-1024x684.jpg 1024w, https:\/\/www.stolun.sk\/wp-content\/uploads\/2025\/04\/Dizajn-bez-nazvu-4-2-300x200.jpg 300w, https:\/\/www.stolun.sk\/wp-content\/uploads\/2025\/04\/Dizajn-bez-nazvu-4-2-768x513.jpg 768w, https:\/\/www.stolun.sk\/wp-content\/uploads\/2025\/04\/Dizajn-bez-nazvu-4-2.jpg 1075w\" sizes=\"(max-width: 1024px) 100vw, 1024px\" \/><\/figure>\n\n\n\n<div class=\"wp-block-group alignwide has-global-padding is-layout-constrained wp-block-group-is-layout-constrained\">\n<h1 class=\"wp-block-heading alignwide has-text-align-center has-xx-large-font-size\" style=\"line-height:1.2\">Spo\u013eahliv\u00fd z\u00e1klad pre ka\u017ed\u00fd odpo\u010dinok.<\/h1>\n\n\n\n<p>V\u00e4\u010d\u0161ina popul\u00e1cie takmer polovicu \u017eivota presp\u00ed. Hoc \u010dlovek si uvedomuje pohodlie alebo nepohodlie svojej postele len pri zasp\u00e1van\u00ed a vst\u00e1van\u00ed, kvalitn\u00e9 l\u00f4\u017eko je hlavn\u00fd vonkaj\u0161\u00ed koeficient kvality sp\u00e1nku. Parametre l\u00f4\u017eka, pr\u00edrodn\u00fd materi\u00e1l, decentn\u00e9 smart podsvietenie \u010di kompaktnos\u0165 s\u00a0no\u010dn\u00fdmi stol\u00edkmi alebo n\u00e1bytkom dodaj\u00fa priestoru prostredn\u00edctvom pr\u00edjemnej atmosf\u00e9ry dobr\u00fd predpoklad kvalitn\u00e9ho sp\u00e1nku.\u00a0\u00a0<\/p>\n<\/div>\n\n\n\n<div class=\"wp-block-group alignfull has-global-padding is-layout-constrained wp-container-core-group-is-layout-b25ccd55 wp-block-group-is-layout-constrained\" style=\"margin-top:0;margin-bottom:0;padding-top:var(--wp--preset--spacing--50);padding-right:var(--wp--preset--spacing--50);padding-bottom:var(--wp--preset--spacing--50);padding-left:var(--wp--preset--spacing--50)\">\n<div class=\"wp-block-columns alignwide is-layout-flex wp-container-core-columns-is-layout-ff4b9c61 wp-block-columns-is-layout-flex\" style=\"margin-top:0;margin-bottom:0\">\n<div class=\"wp-block-column is-layout-flow wp-container-core-column-is-layout-8a368f38 wp-block-column-is-layout-flow\">\n<figure class=\"wp-block-image size-large is-style-rounded is-style-rounded--2\"><img decoding=\"async\" width=\"810\" height=\"1080\" src=\"https:\/\/www.stolun.sk\/wp-content\/uploads\/2025\/04\/64-1-edited.jpg\" alt=\"\" class=\"wp-image-337\" style=\"aspect-ratio:4\/3;object-fit:cover\" srcset=\"https:\/\/www.stolun.sk\/wp-content\/uploads\/2025\/04\/64-1-edited.jpg 810w, https:\/\/www.stolun.sk\/wp-content\/uploads\/2025\/04\/64-1-edited-225x300.jpg 225w, https:\/\/www.stolun.sk\/wp-content\/uploads\/2025\/04\/64-1-edited-768x1024.jpg 768w\" sizes=\"(max-width: 810px) 100vw, 810px\" \/><\/figure>\n\n\n\n<div style=\"height:var(--wp--preset--spacing--50)\" aria-hidden=\"true\" class=\"wp-block-spacer\"><\/div>\n\n\n\n<figure class=\"wp-block-image size-large is-style-rounded is-style-rounded--3\"><img decoding=\"async\" width=\"1024\" height=\"1024\" src=\"https:\/\/www.stolun.sk\/wp-content\/uploads\/2025\/04\/15-3-1024x1024.jpg\" alt=\"\" class=\"wp-image-324\" style=\"aspect-ratio:3\/4;object-fit:cover\" srcset=\"https:\/\/www.stolun.sk\/wp-content\/uploads\/2025\/04\/15-3-1024x1024.jpg 1024w, https:\/\/www.stolun.sk\/wp-content\/uploads\/2025\/04\/15-3-300x300.jpg 300w, https:\/\/www.stolun.sk\/wp-content\/uploads\/2025\/04\/15-3-150x150.jpg 150w, https:\/\/www.stolun.sk\/wp-content\/uploads\/2025\/04\/15-3-768x768.jpg 768w, https:\/\/www.stolun.sk\/wp-content\/uploads\/2025\/04\/15-3.jpg 1080w\" sizes=\"(max-width: 1024px) 100vw, 1024px\" \/><\/figure>\n\n\n\n<div style=\"height:var(--wp--preset--spacing--50)\" aria-hidden=\"true\" class=\"wp-block-spacer\"><\/div>\n\n\n\n<figure class=\"wp-block-image size-large is-style-rounded is-style-rounded--4\"><img loading=\"lazy\" decoding=\"async\" width=\"1024\" height=\"1024\" src=\"https:\/\/www.stolun.sk\/wp-content\/uploads\/2025\/04\/32-1024x1024.jpg\" alt=\"\" class=\"wp-image-329\" style=\"aspect-ratio:3\/4;object-fit:cover\" srcset=\"https:\/\/www.stolun.sk\/wp-content\/uploads\/2025\/04\/32-1024x1024.jpg 1024w, https:\/\/www.stolun.sk\/wp-content\/uploads\/2025\/04\/32-300x300.jpg 300w, https:\/\/www.stolun.sk\/wp-content\/uploads\/2025\/04\/32-150x150.jpg 150w, https:\/\/www.stolun.sk\/wp-content\/uploads\/2025\/04\/32-768x768.jpg 768w, https:\/\/www.stolun.sk\/wp-content\/uploads\/2025\/04\/32.jpg 1080w\" sizes=\"(max-width: 1024px) 100vw, 1024px\" \/><\/figure>\n<\/div>\n\n\n\n<div class=\"wp-block-column is-layout-flow wp-container-core-column-is-layout-8a368f38 wp-block-column-is-layout-flow\">\n<div style=\"height:var(--wp--preset--spacing--50)\" aria-hidden=\"true\" class=\"wp-block-spacer\"><\/div>\n\n\n\n<figure class=\"wp-block-image size-large is-style-rounded is-style-rounded--5\"><img loading=\"lazy\" decoding=\"async\" width=\"1024\" height=\"1024\" src=\"https:\/\/www.stolun.sk\/wp-content\/uploads\/2025\/04\/5-4-1024x1024.png\" alt=\"\" class=\"wp-image-321\" style=\"aspect-ratio:3\/4;object-fit:cover\" srcset=\"https:\/\/www.stolun.sk\/wp-content\/uploads\/2025\/04\/5-4-1024x1024.png 1024w, https:\/\/www.stolun.sk\/wp-content\/uploads\/2025\/04\/5-4-300x300.png 300w, https:\/\/www.stolun.sk\/wp-content\/uploads\/2025\/04\/5-4-150x150.png 150w, https:\/\/www.stolun.sk\/wp-content\/uploads\/2025\/04\/5-4-768x768.png 768w, https:\/\/www.stolun.sk\/wp-content\/uploads\/2025\/04\/5-4.png 1080w\" sizes=\"(max-width: 1024px) 100vw, 1024px\" \/><\/figure>\n\n\n\n<div style=\"height:var(--wp--preset--spacing--50)\" aria-hidden=\"true\" class=\"wp-block-spacer\"><\/div>\n\n\n\n<figure class=\"wp-block-image size-large is-style-rounded is-style-rounded--6\"><img loading=\"lazy\" decoding=\"async\" width=\"810\" height=\"1080\" src=\"https:\/\/www.stolun.sk\/wp-content\/uploads\/2025\/04\/16-2-edited.jpg\" alt=\"\" class=\"wp-image-333\" style=\"aspect-ratio:1;object-fit:cover\" srcset=\"https:\/\/www.stolun.sk\/wp-content\/uploads\/2025\/04\/16-2-edited.jpg 810w, https:\/\/www.stolun.sk\/wp-content\/uploads\/2025\/04\/16-2-edited-225x300.jpg 225w, https:\/\/www.stolun.sk\/wp-content\/uploads\/2025\/04\/16-2-edited-768x1024.jpg 768w\" sizes=\"(max-width: 810px) 100vw, 810px\" \/><\/figure>\n\n\n\n<div style=\"height:var(--wp--preset--spacing--50)\" aria-hidden=\"true\" class=\"wp-block-spacer\"><\/div>\n\n\n\n<figure class=\"wp-block-image size-large is-style-rounded is-style-rounded--7\"><img loading=\"lazy\" decoding=\"async\" width=\"1080\" height=\"810\" src=\"https:\/\/www.stolun.sk\/wp-content\/uploads\/2025\/04\/42-1-edited.jpg\" alt=\"\" class=\"wp-image-334\" style=\"aspect-ratio:1;object-fit:cover\" srcset=\"https:\/\/www.stolun.sk\/wp-content\/uploads\/2025\/04\/42-1-edited.jpg 1080w, https:\/\/www.stolun.sk\/wp-content\/uploads\/2025\/04\/42-1-edited-300x225.jpg 300w, https:\/\/www.stolun.sk\/wp-content\/uploads\/2025\/04\/42-1-edited-1024x768.jpg 1024w, https:\/\/www.stolun.sk\/wp-content\/uploads\/2025\/04\/42-1-edited-768x576.jpg 768w\" sizes=\"(max-width: 1080px) 100vw, 1080px\" \/><\/figure>\n<\/div>\n\n\n\n<div class=\"wp-block-column is-layout-flow wp-container-core-column-is-layout-8a368f38 wp-block-column-is-layout-flow\">\n<figure class=\"wp-block-image size-large is-style-rounded is-style-rounded--8\"><img loading=\"lazy\" decoding=\"async\" width=\"1024\" height=\"1024\" src=\"https:\/\/www.stolun.sk\/wp-content\/uploads\/2025\/04\/6-2-1024x1024.png\" alt=\"\" class=\"wp-image-322\" style=\"aspect-ratio:3\/4;object-fit:cover\" srcset=\"https:\/\/www.stolun.sk\/wp-content\/uploads\/2025\/04\/6-2-1024x1024.png 1024w, https:\/\/www.stolun.sk\/wp-content\/uploads\/2025\/04\/6-2-300x300.png 300w, https:\/\/www.stolun.sk\/wp-content\/uploads\/2025\/04\/6-2-150x150.png 150w, https:\/\/www.stolun.sk\/wp-content\/uploads\/2025\/04\/6-2-768x768.png 768w, https:\/\/www.stolun.sk\/wp-content\/uploads\/2025\/04\/6-2.png 1080w\" sizes=\"(max-width: 1024px) 100vw, 1024px\" \/><\/figure>\n\n\n\n<div style=\"height:var(--wp--preset--spacing--50)\" aria-hidden=\"true\" class=\"wp-block-spacer\"><\/div>\n\n\n\n<figure class=\"wp-block-image size-large is-style-rounded is-style-rounded--9\"><img loading=\"lazy\" decoding=\"async\" width=\"1024\" height=\"768\" src=\"https:\/\/www.stolun.sk\/wp-content\/uploads\/2025\/04\/18-4-1024x768.jpg\" alt=\"\" class=\"wp-image-326\" style=\"aspect-ratio:3\/4;object-fit:cover\" srcset=\"https:\/\/www.stolun.sk\/wp-content\/uploads\/2025\/04\/18-4-1024x768.jpg 1024w, https:\/\/www.stolun.sk\/wp-content\/uploads\/2025\/04\/18-4-300x225.jpg 300w, https:\/\/www.stolun.sk\/wp-content\/uploads\/2025\/04\/18-4-768x576.jpg 768w, https:\/\/www.stolun.sk\/wp-content\/uploads\/2025\/04\/18-4.jpg 1382w\" sizes=\"(max-width: 1024px) 100vw, 1024px\" \/><\/figure>\n\n\n\n<div style=\"height:var(--wp--preset--spacing--50)\" aria-hidden=\"true\" class=\"wp-block-spacer\"><\/div>\n\n\n\n<figure class=\"wp-block-image size-large is-style-rounded is-style-rounded--10\"><img loading=\"lazy\" decoding=\"async\" width=\"1024\" height=\"1024\" src=\"https:\/\/www.stolun.sk\/wp-content\/uploads\/2025\/04\/78-1024x1024.jpg\" alt=\"\" class=\"wp-image-330\" style=\"aspect-ratio:16\/9;object-fit:cover\" srcset=\"https:\/\/www.stolun.sk\/wp-content\/uploads\/2025\/04\/78-1024x1024.jpg 1024w, https:\/\/www.stolun.sk\/wp-content\/uploads\/2025\/04\/78-300x300.jpg 300w, https:\/\/www.stolun.sk\/wp-content\/uploads\/2025\/04\/78-150x150.jpg 150w, https:\/\/www.stolun.sk\/wp-content\/uploads\/2025\/04\/78-768x768.jpg 768w, https:\/\/www.stolun.sk\/wp-content\/uploads\/2025\/04\/78.jpg 1080w\" sizes=\"(max-width: 1024px) 100vw, 1024px\" \/><\/figure>\n<\/div>\n\n\n\n<div class=\"wp-block-column is-layout-flow wp-container-core-column-is-layout-8a368f38 wp-block-column-is-layout-flow\">\n<div style=\"height:var(--wp--preset--spacing--50)\" aria-hidden=\"true\" class=\"wp-block-spacer\"><\/div>\n\n\n\n<figure class=\"wp-block-image size-large is-style-rounded is-style-rounded--11\"><img loading=\"lazy\" decoding=\"async\" width=\"1080\" height=\"810\" src=\"https:\/\/www.stolun.sk\/wp-content\/uploads\/2025\/04\/81-edited.jpg\" alt=\"\" class=\"wp-image-335\" style=\"aspect-ratio:1;object-fit:cover\" srcset=\"https:\/\/www.stolun.sk\/wp-content\/uploads\/2025\/04\/81-edited.jpg 1080w, https:\/\/www.stolun.sk\/wp-content\/uploads\/2025\/04\/81-edited-300x225.jpg 300w, https:\/\/www.stolun.sk\/wp-content\/uploads\/2025\/04\/81-edited-1024x768.jpg 1024w, https:\/\/www.stolun.sk\/wp-content\/uploads\/2025\/04\/81-edited-768x576.jpg 768w\" sizes=\"(max-width: 1080px) 100vw, 1080px\" \/><\/figure>\n\n\n\n<div style=\"height:var(--wp--preset--spacing--50)\" aria-hidden=\"true\" class=\"wp-block-spacer\"><\/div>\n\n\n\n<figure class=\"wp-block-image size-large is-style-rounded is-style-rounded--12\"><img loading=\"lazy\" decoding=\"async\" width=\"1024\" height=\"746\" src=\"https:\/\/www.stolun.sk\/wp-content\/uploads\/2025\/04\/19-1-1024x746.jpg\" alt=\"\" class=\"wp-image-327\" style=\"aspect-ratio:16\/9;object-fit:cover\" srcset=\"https:\/\/www.stolun.sk\/wp-content\/uploads\/2025\/04\/19-1-1024x746.jpg 1024w, https:\/\/www.stolun.sk\/wp-content\/uploads\/2025\/04\/19-1-300x219.jpg 300w, https:\/\/www.stolun.sk\/wp-content\/uploads\/2025\/04\/19-1-768x559.jpg 768w, https:\/\/www.stolun.sk\/wp-content\/uploads\/2025\/04\/19-1.jpg 1399w\" sizes=\"(max-width: 1024px) 100vw, 1024px\" \/><\/figure>\n\n\n\n<div style=\"height:var(--wp--preset--spacing--50)\" aria-hidden=\"true\" class=\"wp-block-spacer\"><\/div>\n\n\n\n<figure class=\"wp-block-image size-large is-style-rounded is-style-rounded--13\"><img loading=\"lazy\" decoding=\"async\" width=\"1024\" height=\"1024\" src=\"https:\/\/www.stolun.sk\/wp-content\/uploads\/2025\/04\/Dizajn-bez-nazvu-3-2-1024x1024.png\" alt=\"\" class=\"wp-image-331\" style=\"aspect-ratio:9\/16;object-fit:cover\" srcset=\"https:\/\/www.stolun.sk\/wp-content\/uploads\/2025\/04\/Dizajn-bez-nazvu-3-2-1024x1024.png 1024w, https:\/\/www.stolun.sk\/wp-content\/uploads\/2025\/04\/Dizajn-bez-nazvu-3-2-300x300.png 300w, https:\/\/www.stolun.sk\/wp-content\/uploads\/2025\/04\/Dizajn-bez-nazvu-3-2-150x150.png 150w, https:\/\/www.stolun.sk\/wp-content\/uploads\/2025\/04\/Dizajn-bez-nazvu-3-2-768x768.png 768w, https:\/\/www.stolun.sk\/wp-content\/uploads\/2025\/04\/Dizajn-bez-nazvu-3-2.png 1080w\" sizes=\"(max-width: 1024px) 100vw, 1024px\" \/><\/figure>\n<\/div>\n<\/div>\n<\/div>\n","protected":false},"excerpt":{"rendered":"<p>Spo\u013eahliv\u00fd z\u00e1klad pre ka\u017ed\u00fd odpo\u010dinok. V\u00e4\u010d\u0161ina popul\u00e1cie takmer polovicu \u017eivota presp\u00ed. Hoc \u010dlovek si uvedomuje pohodlie alebo nepohodlie svojej postele len pri zasp\u00e1van\u00ed a vst\u00e1van\u00ed, kvalitn\u00e9 l\u00f4\u017eko je hlavn\u00fd vonkaj\u0161\u00ed koeficient kvality sp\u00e1nku. Parametre l\u00f4\u017eka, pr\u00edrodn\u00fd materi\u00e1l, decentn\u00e9 smart podsvietenie \u010di kompaktnos\u0165 s\u00a0no\u010dn\u00fdmi stol\u00edkmi alebo n\u00e1bytkom dodaj\u00fa priestoru prostredn\u00edctvom pr\u00edjemnej atmosf\u00e9ry dobr\u00fd predpoklad kvalitn\u00e9ho sp\u00e1nku.\u00a0\u00a0<\/p>\n","protected":false},"author":3,"featured_media":0,"parent":463,"menu_order":0,"comment_status":"closed","ping_status":"closed","template":"","meta":{"footnotes":""},"class_list":["post-83","page","type-page","status-publish","hentry"],"_links":{"self":[{"href":"https:\/\/www.stolun.sk\/index.php?rest_route=\/wp\/v2\/pages\/83","targetHints":{"allow":["GET"]}}],"collection":[{"href":"https:\/\/www.stolun.sk\/index.php?rest_route=\/wp\/v2\/pages"}],"about":[{"href":"https:\/\/www.stolun.sk\/index.php?rest_route=\/wp\/v2\/types\/page"}],"author":[{"embeddable":true,"href":"https:\/\/www.stolun.sk\/index.php?rest_route=\/wp\/v2\/users\/3"}],"replies":[{"embeddable":true,"href":"https:\/\/www.stolun.sk\/index.php?rest_route=%2Fwp%2Fv2%2Fcomments&post=83"}],"version-history":[{"count":3,"href":"https:\/\/www.stolun.sk\/index.php?rest_route=\/wp\/v2\/pages\/83\/revisions"}],"predecessor-version":[{"id":450,"href":"https:\/\/www.stolun.sk\/index.php?rest_route=\/wp\/v2\/pages\/83\/revisions\/450"}],"up":[{"embeddable":true,"href":"https:\/\/www.stolun.sk\/index.php?rest_route=\/wp\/v2\/pages\/463"}],"wp:attachment":[{"href":"https:\/\/www.stolun.sk\/index.php?rest_route=%2Fwp%2Fv2%2Fmedia&parent=83"}],"curies":[{"name":"wp","href":"https:\/\/api.w.org\/{rel}","templated":true}]}}