{"id":82,"date":"2025-07-08T20:08:55","date_gmt":"2025-07-08T18:08:55","guid":{"rendered":"https:\/\/www.stolun.sk\/?page_id=82"},"modified":"2025-07-08T20:08:55","modified_gmt":"2025-07-08T18:08:55","slug":"stoly","status":"publish","type":"page","link":"https:\/\/www.stolun.sk\/?page_id=82","title":{"rendered":"Stoly"},"content":{"rendered":"\n<div style=\"height:var(--wp--preset--spacing--50)\" aria-hidden=\"true\" class=\"wp-block-spacer\"><\/div>\n\n\n\n<figure class=\"wp-block-image size-large is-style-rounded is-style-rounded--1\"><img fetchpriority=\"high\" decoding=\"async\" width=\"1333\" height=\"1000\" src=\"https:\/\/www.stolun.sk\/wp-content\/uploads\/2025\/04\/11-1-edited-1.jpg\" alt=\"\" class=\"wp-image-317\" srcset=\"https:\/\/www.stolun.sk\/wp-content\/uploads\/2025\/04\/11-1-edited-1.jpg 1333w, https:\/\/www.stolun.sk\/wp-content\/uploads\/2025\/04\/11-1-edited-1-300x225.jpg 300w, https:\/\/www.stolun.sk\/wp-content\/uploads\/2025\/04\/11-1-edited-1-1024x768.jpg 1024w, https:\/\/www.stolun.sk\/wp-content\/uploads\/2025\/04\/11-1-edited-1-768x576.jpg 768w\" sizes=\"(max-width: 1333px) 100vw, 1333px\" \/><\/figure>\n\n\n\n<div class=\"wp-block-group alignwide has-global-padding is-layout-constrained wp-block-group-is-layout-constrained\">\n<h1 class=\"wp-block-heading alignwide has-text-align-center has-xx-large-font-size\" style=\"line-height:1.2\">Rozhovory, jedlo, smiech, biznis \u2013 v\u0161etko za\u010d\u00edna pri stole.<\/h1>\n\n\n\n<p>Na\u0161e stoly sa vyzna\u010duj\u00fa kvalitn\u00fdm spracovan\u00edm a dizajnom, ktor\u00fd lad\u00ed s r\u00f4znymi \u0161t\u00fdlmi interi\u00e9rov. \u010ci u\u017e ide o jed\u00e1lensk\u00e9, pracovn\u00e9 alebo konferen\u010dn\u00e9 stoly, ka\u017ed\u00fd kus je vytvoren\u00fd s d\u00f4razom na pevnos\u0165, funk\u010dnos\u0165 a estetiku. V\u017edy sa prisp\u00f4sobujeme individu\u00e1lnym potreb\u00e1m z\u00e1kazn\u00edka.<\/p>\n<\/div>\n\n\n\n<div class=\"wp-block-group alignfull has-global-padding is-layout-constrained wp-container-core-group-is-layout-b25ccd55 wp-block-group-is-layout-constrained\" style=\"margin-top:0;margin-bottom:0;padding-top:var(--wp--preset--spacing--50);padding-right:var(--wp--preset--spacing--50);padding-bottom:var(--wp--preset--spacing--50);padding-left:var(--wp--preset--spacing--50)\">\n<div class=\"wp-block-columns alignwide is-layout-flex wp-container-core-columns-is-layout-ff4b9c61 wp-block-columns-is-layout-flex\" style=\"margin-top:0;margin-bottom:0\">\n<div class=\"wp-block-column is-layout-flow wp-container-core-column-is-layout-8a368f38 wp-block-column-is-layout-flow\">\n<figure class=\"wp-block-image size-large is-style-rounded is-style-rounded--2\"><img decoding=\"async\" width=\"724\" height=\"1024\" src=\"https:\/\/www.stolun.sk\/wp-content\/uploads\/2025\/04\/12-2-724x1024.jpg\" alt=\"\" class=\"wp-image-303\" style=\"aspect-ratio:4\/3;object-fit:cover\" srcset=\"https:\/\/www.stolun.sk\/wp-content\/uploads\/2025\/04\/12-2-724x1024.jpg 724w, https:\/\/www.stolun.sk\/wp-content\/uploads\/2025\/04\/12-2-212x300.jpg 212w, https:\/\/www.stolun.sk\/wp-content\/uploads\/2025\/04\/12-2-768x1086.jpg 768w, https:\/\/www.stolun.sk\/wp-content\/uploads\/2025\/04\/12-2-1086x1536.jpg 1086w, https:\/\/www.stolun.sk\/wp-content\/uploads\/2025\/04\/12-2.jpg 1414w\" sizes=\"(max-width: 724px) 100vw, 724px\" \/><\/figure>\n\n\n\n<div style=\"height:var(--wp--preset--spacing--50)\" aria-hidden=\"true\" class=\"wp-block-spacer\"><\/div>\n\n\n\n<figure class=\"wp-block-image size-large is-style-rounded is-style-rounded--3\"><img decoding=\"async\" width=\"1024\" height=\"1024\" src=\"https:\/\/www.stolun.sk\/wp-content\/uploads\/2025\/04\/72-3-1024x1024.jpg\" alt=\"\" class=\"wp-image-308\" style=\"aspect-ratio:3\/4;object-fit:cover\" srcset=\"https:\/\/www.stolun.sk\/wp-content\/uploads\/2025\/04\/72-3-1024x1024.jpg 1024w, https:\/\/www.stolun.sk\/wp-content\/uploads\/2025\/04\/72-3-300x300.jpg 300w, https:\/\/www.stolun.sk\/wp-content\/uploads\/2025\/04\/72-3-150x150.jpg 150w, https:\/\/www.stolun.sk\/wp-content\/uploads\/2025\/04\/72-3-768x768.jpg 768w, https:\/\/www.stolun.sk\/wp-content\/uploads\/2025\/04\/72-3.jpg 1080w\" sizes=\"(max-width: 1024px) 100vw, 1024px\" \/><\/figure>\n\n\n\n<div style=\"height:var(--wp--preset--spacing--50)\" aria-hidden=\"true\" class=\"wp-block-spacer\"><\/div>\n\n\n\n<figure class=\"wp-block-image size-large is-style-rounded is-style-rounded--4\"><img loading=\"lazy\" decoding=\"async\" width=\"1024\" height=\"1024\" src=\"https:\/\/www.stolun.sk\/wp-content\/uploads\/2025\/04\/39-1024x1024.jpg\" alt=\"\" class=\"wp-image-311\" style=\"aspect-ratio:3\/4;object-fit:cover\" srcset=\"https:\/\/www.stolun.sk\/wp-content\/uploads\/2025\/04\/39-1024x1024.jpg 1024w, https:\/\/www.stolun.sk\/wp-content\/uploads\/2025\/04\/39-300x300.jpg 300w, https:\/\/www.stolun.sk\/wp-content\/uploads\/2025\/04\/39-150x150.jpg 150w, https:\/\/www.stolun.sk\/wp-content\/uploads\/2025\/04\/39-768x768.jpg 768w, https:\/\/www.stolun.sk\/wp-content\/uploads\/2025\/04\/39.jpg 1080w\" sizes=\"(max-width: 1024px) 100vw, 1024px\" \/><\/figure>\n<\/div>\n\n\n\n<div class=\"wp-block-column is-layout-flow wp-container-core-column-is-layout-8a368f38 wp-block-column-is-layout-flow\">\n<div style=\"height:var(--wp--preset--spacing--50)\" aria-hidden=\"true\" class=\"wp-block-spacer\"><\/div>\n\n\n\n<figure class=\"wp-block-image size-large is-style-rounded is-style-rounded--5\"><img loading=\"lazy\" decoding=\"async\" width=\"1024\" height=\"1024\" src=\"https:\/\/www.stolun.sk\/wp-content\/uploads\/2025\/04\/68-1-1024x1024.jpg\" alt=\"\" class=\"wp-image-304\" style=\"aspect-ratio:3\/4;object-fit:cover\" srcset=\"https:\/\/www.stolun.sk\/wp-content\/uploads\/2025\/04\/68-1-1024x1024.jpg 1024w, https:\/\/www.stolun.sk\/wp-content\/uploads\/2025\/04\/68-1-300x300.jpg 300w, https:\/\/www.stolun.sk\/wp-content\/uploads\/2025\/04\/68-1-150x150.jpg 150w, https:\/\/www.stolun.sk\/wp-content\/uploads\/2025\/04\/68-1-768x768.jpg 768w, https:\/\/www.stolun.sk\/wp-content\/uploads\/2025\/04\/68-1.jpg 1080w\" sizes=\"(max-width: 1024px) 100vw, 1024px\" \/><\/figure>\n\n\n\n<div style=\"height:var(--wp--preset--spacing--50)\" aria-hidden=\"true\" class=\"wp-block-spacer\"><\/div>\n\n\n\n<figure class=\"wp-block-image size-large is-style-rounded is-style-rounded--6\"><img loading=\"lazy\" decoding=\"async\" width=\"1080\" height=\"810\" src=\"https:\/\/www.stolun.sk\/wp-content\/uploads\/2025\/04\/20-7-edited.jpg\" alt=\"\" class=\"wp-image-313\" style=\"aspect-ratio:1;object-fit:cover\" srcset=\"https:\/\/www.stolun.sk\/wp-content\/uploads\/2025\/04\/20-7-edited.jpg 1080w, https:\/\/www.stolun.sk\/wp-content\/uploads\/2025\/04\/20-7-edited-300x225.jpg 300w, https:\/\/www.stolun.sk\/wp-content\/uploads\/2025\/04\/20-7-edited-1024x768.jpg 1024w, https:\/\/www.stolun.sk\/wp-content\/uploads\/2025\/04\/20-7-edited-768x576.jpg 768w\" sizes=\"(max-width: 1080px) 100vw, 1080px\" \/><\/figure>\n\n\n\n<div style=\"height:var(--wp--preset--spacing--50)\" aria-hidden=\"true\" class=\"wp-block-spacer\"><\/div>\n\n\n\n<figure class=\"wp-block-image size-large is-style-rounded is-style-rounded--7\"><img loading=\"lazy\" decoding=\"async\" width=\"810\" height=\"1080\" src=\"https:\/\/www.stolun.sk\/wp-content\/uploads\/2025\/04\/40-1-edited.jpg\" alt=\"\" class=\"wp-image-314\" style=\"aspect-ratio:1;object-fit:cover\" srcset=\"https:\/\/www.stolun.sk\/wp-content\/uploads\/2025\/04\/40-1-edited.jpg 810w, https:\/\/www.stolun.sk\/wp-content\/uploads\/2025\/04\/40-1-edited-225x300.jpg 225w, https:\/\/www.stolun.sk\/wp-content\/uploads\/2025\/04\/40-1-edited-768x1024.jpg 768w\" sizes=\"(max-width: 810px) 100vw, 810px\" \/><\/figure>\n<\/div>\n\n\n\n<div class=\"wp-block-column is-layout-flow wp-container-core-column-is-layout-8a368f38 wp-block-column-is-layout-flow\">\n<figure class=\"wp-block-image size-large is-style-rounded is-style-rounded--8\"><img loading=\"lazy\" decoding=\"async\" width=\"1024\" height=\"1024\" src=\"https:\/\/www.stolun.sk\/wp-content\/uploads\/2025\/04\/70-1-1024x1024.jpg\" alt=\"\" class=\"wp-image-305\" style=\"aspect-ratio:3\/4;object-fit:cover\" srcset=\"https:\/\/www.stolun.sk\/wp-content\/uploads\/2025\/04\/70-1-1024x1024.jpg 1024w, https:\/\/www.stolun.sk\/wp-content\/uploads\/2025\/04\/70-1-300x300.jpg 300w, https:\/\/www.stolun.sk\/wp-content\/uploads\/2025\/04\/70-1-150x150.jpg 150w, https:\/\/www.stolun.sk\/wp-content\/uploads\/2025\/04\/70-1-768x768.jpg 768w, https:\/\/www.stolun.sk\/wp-content\/uploads\/2025\/04\/70-1.jpg 1080w\" sizes=\"(max-width: 1024px) 100vw, 1024px\" \/><\/figure>\n\n\n\n<div style=\"height:var(--wp--preset--spacing--50)\" aria-hidden=\"true\" class=\"wp-block-spacer\"><\/div>\n\n\n\n<figure class=\"wp-block-image size-large is-style-rounded is-style-rounded--9\"><img loading=\"lazy\" decoding=\"async\" width=\"1024\" height=\"1024\" src=\"https:\/\/www.stolun.sk\/wp-content\/uploads\/2025\/04\/21-6-1024x1024.jpg\" alt=\"\" class=\"wp-image-310\" style=\"aspect-ratio:3\/4;object-fit:cover\" srcset=\"https:\/\/www.stolun.sk\/wp-content\/uploads\/2025\/04\/21-6-1024x1024.jpg 1024w, https:\/\/www.stolun.sk\/wp-content\/uploads\/2025\/04\/21-6-300x300.jpg 300w, https:\/\/www.stolun.sk\/wp-content\/uploads\/2025\/04\/21-6-150x150.jpg 150w, https:\/\/www.stolun.sk\/wp-content\/uploads\/2025\/04\/21-6-768x768.jpg 768w, https:\/\/www.stolun.sk\/wp-content\/uploads\/2025\/04\/21-6.jpg 1080w\" sizes=\"(max-width: 1024px) 100vw, 1024px\" \/><\/figure>\n\n\n\n<div style=\"height:var(--wp--preset--spacing--50)\" aria-hidden=\"true\" class=\"wp-block-spacer\"><\/div>\n\n\n<\/div>\n\n\n\n<div class=\"wp-block-column is-layout-flow wp-container-core-column-is-layout-8a368f38 wp-block-column-is-layout-flow\">\n<div style=\"height:var(--wp--preset--spacing--50)\" aria-hidden=\"true\" class=\"wp-block-spacer\"><\/div>\n\n\n\n<div style=\"height:var(--wp--preset--spacing--50)\" aria-hidden=\"true\" class=\"wp-block-spacer\"><\/div>\n\n\n\n<figure class=\"wp-block-image size-large is-style-rounded is-style-rounded--11\"><img loading=\"lazy\" decoding=\"async\" width=\"724\" height=\"1024\" src=\"https:\/\/www.stolun.sk\/wp-content\/uploads\/2025\/04\/11-2-724x1024.jpg\" alt=\"\" class=\"wp-image-309\" style=\"aspect-ratio:16\/9;object-fit:cover\" srcset=\"https:\/\/www.stolun.sk\/wp-content\/uploads\/2025\/04\/11-2-724x1024.jpg 724w, https:\/\/www.stolun.sk\/wp-content\/uploads\/2025\/04\/11-2-212x300.jpg 212w, https:\/\/www.stolun.sk\/wp-content\/uploads\/2025\/04\/11-2-768x1086.jpg 768w, https:\/\/www.stolun.sk\/wp-content\/uploads\/2025\/04\/11-2-1086x1536.jpg 1086w, https:\/\/www.stolun.sk\/wp-content\/uploads\/2025\/04\/11-2.jpg 1414w\" sizes=\"(max-width: 724px) 100vw, 724px\" \/><\/figure>\n\n\n\n<div style=\"height:var(--wp--preset--spacing--50)\" aria-hidden=\"true\" class=\"wp-block-spacer\"><\/div>\n\n\n<\/div>\n<\/div>\n<\/div>\n","protected":false},"excerpt":{"rendered":"<p>Rozhovory, jedlo, smiech, biznis \u2013 v\u0161etko za\u010d\u00edna pri stole. Na\u0161e stoly sa vyzna\u010duj\u00fa kvalitn\u00fdm spracovan\u00edm a dizajnom, ktor\u00fd lad\u00ed s r\u00f4znymi \u0161t\u00fdlmi interi\u00e9rov. \u010ci u\u017e ide o jed\u00e1lensk\u00e9, pracovn\u00e9 alebo konferen\u010dn\u00e9 stoly, ka\u017ed\u00fd kus je vytvoren\u00fd s d\u00f4razom na pevnos\u0165, funk\u010dnos\u0165 a estetiku. V\u017edy sa prisp\u00f4sobujeme individu\u00e1lnym potreb\u00e1m z\u00e1kazn\u00edka.<\/p>\n","protected":false},"author":3,"featured_media":0,"parent":463,"menu_order":0,"comment_status":"closed","ping_status":"closed","template":"","meta":{"footnotes":""},"class_list":["post-82","page","type-page","status-publish","hentry"],"_links":{"self":[{"href":"https:\/\/www.stolun.sk\/index.php?rest_route=\/wp\/v2\/pages\/82","targetHints":{"allow":["GET"]}}],"collection":[{"href":"https:\/\/www.stolun.sk\/index.php?rest_route=\/wp\/v2\/pages"}],"about":[{"href":"https:\/\/www.stolun.sk\/index.php?rest_route=\/wp\/v2\/types\/page"}],"author":[{"embeddable":true,"href":"https:\/\/www.stolun.sk\/index.php?rest_route=\/wp\/v2\/users\/3"}],"replies":[{"embeddable":true,"href":"https:\/\/www.stolun.sk\/index.php?rest_route=%2Fwp%2Fv2%2Fcomments&post=82"}],"version-history":[{"count":2,"href":"https:\/\/www.stolun.sk\/index.php?rest_route=\/wp\/v2\/pages\/82\/revisions"}],"predecessor-version":[{"id":453,"href":"https:\/\/www.stolun.sk\/index.php?rest_route=\/wp\/v2\/pages\/82\/revisions\/453"}],"up":[{"embeddable":true,"href":"https:\/\/www.stolun.sk\/index.php?rest_route=\/wp\/v2\/pages\/463"}],"wp:attachment":[{"href":"https:\/\/www.stolun.sk\/index.php?rest_route=%2Fwp%2Fv2%2Fmedia&parent=82"}],"curies":[{"name":"wp","href":"https:\/\/api.w.org\/{rel}","templated":true}]}}